{"id":32,"date":"2023-08-21T10:19:30","date_gmt":"2023-08-21T07:19:30","guid":{"rendered":"https:\/\/www.altavanti.fi\/mecapinta\/?page_id=32"},"modified":"2023-08-21T10:59:25","modified_gmt":"2023-08-21T07:59:25","slug":"ymparisto-ja-laatu","status":"publish","type":"page","link":"https:\/\/www.altavanti.fi\/mecapinta\/ymparisto-ja-laatu\/","title":{"rendered":"Ymp\u00e4rist\u00f6 ja laatu"},"content":{"rendered":"\t\t<div data-elementor-type=\"wp-page\" data-elementor-id=\"32\" class=\"elementor elementor-32\">\n\t\t\t\t\t\t\t\t\t<section class=\"elementor-section elementor-top-section elementor-element elementor-element-c1531a5 elementor-section-boxed elementor-section-height-default elementor-section-height-default\" data-id=\"c1531a5\" data-element_type=\"section\" data-settings=\"{&quot;background_background&quot;:&quot;classic&quot;}\">\n\t\t\t\t\t\t<div class=\"elementor-container elementor-column-gap-default\">\n\t\t\t\t\t<div class=\"elementor-column elementor-col-100 elementor-top-column elementor-element elementor-element-59923b6\" data-id=\"59923b6\" data-element_type=\"column\">\n\t\t\t<div class=\"elementor-widget-wrap elementor-element-populated\">\n\t\t\t\t\t\t\t\t<div class=\"elementor-element elementor-element-5f70883 elementor-widget elementor-widget-page-title\" data-id=\"5f70883\" data-element_type=\"widget\" data-settings=\"{&quot;align&quot;:&quot;center&quot;}\" data-widget_type=\"page-title.default\">\n\t\t\t\t<div class=\"elementor-widget-container\">\n\t\t\t\t\t\n\t\t<div class=\"hfe-page-title hfe-page-title-wrapper elementor-widget-heading\">\n\n\t\t\t\t\t\t\t\t\t\t\t<a href=\"https:\/\/www.altavanti.fi\/mecapinta\">\n\t\t\t\t\t\t<h1 class=\"elementor-heading-title elementor-size-default\">\n\t\t\t\t\t\t\t\t\n\t\t\t\tYmp\u00e4rist\u00f6 ja laatu  \n\t\t\t<\/h1 > \n\t\t\t\t\t\t\t\t\t<\/a>\n\t\t\t\t\t<\/div>\n\t\t\t\t<\/div>\n\t\t\t\t<\/div>\n\t\t\t\t\t<\/div>\n\t\t<\/div>\n\t\t\t\t\t\t\t<\/div>\n\t\t<\/section>\n\t\t\t\t<section class=\"elementor-section elementor-top-section elementor-element elementor-element-5fcd313 elementor-section-boxed elementor-section-height-default elementor-section-height-default\" data-id=\"5fcd313\" data-element_type=\"section\">\n\t\t\t\t\t\t<div class=\"elementor-container elementor-column-gap-default\">\n\t\t\t\t\t<div class=\"elementor-column elementor-col-100 elementor-top-column elementor-element elementor-element-1405d21\" data-id=\"1405d21\" data-element_type=\"column\">\n\t\t\t<div class=\"elementor-widget-wrap elementor-element-populated\">\n\t\t\t\t\t\t\t\t<div class=\"elementor-element elementor-element-ed42191 elementor-widget elementor-widget-text-editor\" data-id=\"ed42191\" data-element_type=\"widget\" data-widget_type=\"text-editor.default\">\n\t\t\t\t<div class=\"elementor-widget-container\">\n\t\t\t<style>\/*! elementor - v3.15.0 - 20-08-2023 *\/\n.elementor-widget-text-editor.elementor-drop-cap-view-stacked .elementor-drop-cap{background-color:#69727d;color:#fff}.elementor-widget-text-editor.elementor-drop-cap-view-framed .elementor-drop-cap{color:#69727d;border:3px solid;background-color:transparent}.elementor-widget-text-editor:not(.elementor-drop-cap-view-default) .elementor-drop-cap{margin-top:8px}.elementor-widget-text-editor:not(.elementor-drop-cap-view-default) .elementor-drop-cap-letter{width:1em;height:1em}.elementor-widget-text-editor .elementor-drop-cap{float:left;text-align:center;line-height:1;font-size:50px}.elementor-widget-text-editor .elementor-drop-cap-letter{display:inline-block}<\/style>\t\t\t\t<p>Panostamme voimakkaasti korkeaan laatuun ja sarjojen tasalaatuisuuteen. Mecalaatu perustuu moderniin tuotantoteknologiaan ja ISO 9001 laatuj\u00e4rjestelm\u00e4\u00e4n.<\/p><p>Pintojen paksuus mitataan r\u00f6ntgenlaitteilla. Laitteilla voidaan mitata my\u00f6s monikerroksisia pintoja.<\/p><p><strong>ISO 14001:2015 ja ISO 9001:2015<\/strong><br \/><strong>Ymp\u00e4rist\u00f6- ja laatusertifikaatit<\/strong><\/p><p>Kaikille tuotteille tehd\u00e4\u00e4n kappalekohtainen lopputarkastus. Samalla tarkastetaan my\u00f6s sarjojen tasalaatuisuus sek\u00e4 teknisesti ett\u00e4 visuaalisesti. Tuotteisiin ei j\u00e4\u00e4 tarkastuksessa naarmuja, kolhuja, likaa eik\u00e4 sormenj\u00e4lki\u00e4.<\/p><p>Lopputulos viimeistell\u00e4\u00e4n asianmukaisella pakkaamisella sek\u00e4 kuljetussuojilla.<\/p><h3>MECAPINTA &#8211; YMP\u00c4RIST\u00d6YST\u00c4V\u00c4LLINEN<\/h3><p>Mecalaatu merkitsee my\u00f6s ymp\u00e4rist\u00f6yst\u00e4v\u00e4llisyytt\u00e4. Minimoimme ymp\u00e4rist\u00f6rasitteet ISO 14001 sertifioidulla ymp\u00e4rist\u00f6nhallintaj\u00e4rjestelm\u00e4ll\u00e4.<\/p><h3>MECAPINTA &#8211; TURVALLISUUSTIEDOTE<\/h3><p><a href=\"https:\/\/mecapinta.fi\/images\/Turvallisuustiedote.pdf\">TURVALLISUUSTIEDOTE<\/a><\/p>\t\t\t\t\t\t<\/div>\n\t\t\t\t<\/div>\n\t\t\t\t\t<\/div>\n\t\t<\/div>\n\t\t\t\t\t\t\t<\/div>\n\t\t<\/section>\n\t\t\t\t\t\t\t<\/div>\n\t\t","protected":false},"excerpt":{"rendered":"<p>Ymp\u00e4rist\u00f6 ja laatu Panostamme voimakkaasti korkeaan laatuun ja sarjojen tasalaatuisuuteen. Mecalaatu perustuu moderniin tuotantoteknologiaan ja ISO 9001 laatuj\u00e4rjestelm\u00e4\u00e4n. Pintojen paksuus mitataan r\u00f6ntgenlaitteilla. Laitteilla voidaan mitata my\u00f6s monikerroksisia pintoja. ISO 14001:2015 ja ISO 9001:2015Ymp\u00e4rist\u00f6- ja laatusertifikaatit Kaikille tuotteille tehd\u00e4\u00e4n kappalekohtainen lopputarkastus. Samalla tarkastetaan my\u00f6s sarjojen tasalaatuisuus sek\u00e4 teknisesti ett\u00e4 visuaalisesti. Tuotteisiin ei j\u00e4\u00e4 tarkastuksessa naarmuja, kolhuja, [&hellip;]<\/p>\n","protected":false},"author":1,"featured_media":0,"parent":0,"menu_order":0,"comment_status":"closed","ping_status":"closed","template":"","meta":{"footnotes":""},"class_list":["post-32","page","type-page","status-publish","hentry"],"_links":{"self":[{"href":"https:\/\/www.altavanti.fi\/mecapinta\/wp-json\/wp\/v2\/pages\/32","targetHints":{"allow":["GET"]}}],"collection":[{"href":"https:\/\/www.altavanti.fi\/mecapinta\/wp-json\/wp\/v2\/pages"}],"about":[{"href":"https:\/\/www.altavanti.fi\/mecapinta\/wp-json\/wp\/v2\/types\/page"}],"author":[{"embeddable":true,"href":"https:\/\/www.altavanti.fi\/mecapinta\/wp-json\/wp\/v2\/users\/1"}],"replies":[{"embeddable":true,"href":"https:\/\/www.altavanti.fi\/mecapinta\/wp-json\/wp\/v2\/comments?post=32"}],"version-history":[{"count":19,"href":"https:\/\/www.altavanti.fi\/mecapinta\/wp-json\/wp\/v2\/pages\/32\/revisions"}],"predecessor-version":[{"id":133,"href":"https:\/\/www.altavanti.fi\/mecapinta\/wp-json\/wp\/v2\/pages\/32\/revisions\/133"}],"wp:attachment":[{"href":"https:\/\/www.altavanti.fi\/mecapinta\/wp-json\/wp\/v2\/media?parent=32"}],"curies":[{"name":"wp","href":"https:\/\/api.w.org\/{rel}","templated":true}]}}