{"id":34,"date":"2023-08-21T10:19:46","date_gmt":"2023-08-21T07:19:46","guid":{"rendered":"https:\/\/www.altavanti.fi\/mecapinta\/?page_id=34"},"modified":"2023-08-21T11:03:22","modified_gmt":"2023-08-21T08:03:22","slug":"tyonhaku","status":"publish","type":"page","link":"https:\/\/www.altavanti.fi\/mecapinta\/tyonhaku\/","title":{"rendered":"Ty\u00f6nhaku"},"content":{"rendered":"\t\t<div data-elementor-type=\"wp-page\" data-elementor-id=\"34\" class=\"elementor elementor-34\">\n\t\t\t\t\t\t\t\t\t<section class=\"elementor-section elementor-top-section elementor-element elementor-element-5d9aa917 elementor-section-boxed elementor-section-height-default elementor-section-height-default\" data-id=\"5d9aa917\" data-element_type=\"section\" data-settings=\"{&quot;background_background&quot;:&quot;classic&quot;}\">\n\t\t\t\t\t\t<div class=\"elementor-container elementor-column-gap-default\">\n\t\t\t\t\t<div class=\"elementor-column elementor-col-100 elementor-top-column elementor-element elementor-element-280ef09\" data-id=\"280ef09\" data-element_type=\"column\">\n\t\t\t<div class=\"elementor-widget-wrap elementor-element-populated\">\n\t\t\t\t\t\t\t\t<div class=\"elementor-element elementor-element-3f3ec244 elementor-widget elementor-widget-page-title\" data-id=\"3f3ec244\" data-element_type=\"widget\" data-settings=\"{&quot;align&quot;:&quot;center&quot;}\" data-widget_type=\"page-title.default\">\n\t\t\t\t<div class=\"elementor-widget-container\">\n\t\t\t\t\t\n\t\t<div class=\"hfe-page-title hfe-page-title-wrapper elementor-widget-heading\">\n\n\t\t\t\t\t\t\t\t\t\t\t<a href=\"https:\/\/www.altavanti.fi\/mecapinta\">\n\t\t\t\t\t\t<h1 class=\"elementor-heading-title elementor-size-default\">\n\t\t\t\t\t\t\t\t\n\t\t\t\tTy\u00f6nhaku  \n\t\t\t<\/h1 > \n\t\t\t\t\t\t\t\t\t<\/a>\n\t\t\t\t\t<\/div>\n\t\t\t\t<\/div>\n\t\t\t\t<\/div>\n\t\t\t\t\t<\/div>\n\t\t<\/div>\n\t\t\t\t\t\t\t<\/div>\n\t\t<\/section>\n\t\t\t\t<section class=\"elementor-section elementor-top-section elementor-element elementor-element-16f632e1 elementor-section-boxed elementor-section-height-default elementor-section-height-default\" data-id=\"16f632e1\" data-element_type=\"section\">\n\t\t\t\t\t\t<div class=\"elementor-container elementor-column-gap-default\">\n\t\t\t\t\t<div class=\"elementor-column elementor-col-100 elementor-top-column elementor-element elementor-element-4ea642e9\" data-id=\"4ea642e9\" data-element_type=\"column\">\n\t\t\t<div class=\"elementor-widget-wrap elementor-element-populated\">\n\t\t\t\t\t\t\t\t<div class=\"elementor-element elementor-element-245d517c elementor-widget elementor-widget-text-editor\" data-id=\"245d517c\" data-element_type=\"widget\" data-widget_type=\"text-editor.default\">\n\t\t\t\t<div class=\"elementor-widget-container\">\n\t\t\t<style>\/*! elementor - v3.15.0 - 20-08-2023 *\/\n.elementor-widget-text-editor.elementor-drop-cap-view-stacked .elementor-drop-cap{background-color:#69727d;color:#fff}.elementor-widget-text-editor.elementor-drop-cap-view-framed .elementor-drop-cap{color:#69727d;border:3px solid;background-color:transparent}.elementor-widget-text-editor:not(.elementor-drop-cap-view-default) .elementor-drop-cap{margin-top:8px}.elementor-widget-text-editor:not(.elementor-drop-cap-view-default) .elementor-drop-cap-letter{width:1em;height:1em}.elementor-widget-text-editor .elementor-drop-cap{float:left;text-align:center;line-height:1;font-size:50px}.elementor-widget-text-editor .elementor-drop-cap-letter{display:inline-block}<\/style>\t\t\t\t<p>Etsimme reippaita tuotantoty\u00f6ntekij\u00f6it\u00e4 3-vuoroty\u00f6h\u00f6n.<\/p><p>Ole hyv\u00e4 ja l\u00e4het\u00e4 vapaamuotoinen hakemuksesi osoitteeseen<\/p><p><strong>janne.vahasoyrinki(at)mecapinta.fi tai soita <a href=\"tel:+358405409408\" target=\"_blank\" rel=\"noopener\">040 5409 408<\/a>.<\/strong><\/p>\t\t\t\t\t\t<\/div>\n\t\t\t\t<\/div>\n\t\t\t\t\t<\/div>\n\t\t<\/div>\n\t\t\t\t\t\t\t<\/div>\n\t\t<\/section>\n\t\t\t\t\t\t\t<\/div>\n\t\t","protected":false},"excerpt":{"rendered":"<p>Ty\u00f6nhaku Etsimme reippaita tuotantoty\u00f6ntekij\u00f6it\u00e4 3-vuoroty\u00f6h\u00f6n. Ole hyv\u00e4 ja l\u00e4het\u00e4 vapaamuotoinen hakemuksesi osoitteeseen janne.vahasoyrinki(at)mecapinta.fi tai soita 040 5409 408.<\/p>\n","protected":false},"author":1,"featured_media":0,"parent":0,"menu_order":0,"comment_status":"closed","ping_status":"closed","template":"","meta":{"footnotes":""},"class_list":["post-34","page","type-page","status-publish","hentry"],"_links":{"self":[{"href":"https:\/\/www.altavanti.fi\/mecapinta\/wp-json\/wp\/v2\/pages\/34","targetHints":{"allow":["GET"]}}],"collection":[{"href":"https:\/\/www.altavanti.fi\/mecapinta\/wp-json\/wp\/v2\/pages"}],"about":[{"href":"https:\/\/www.altavanti.fi\/mecapinta\/wp-json\/wp\/v2\/types\/page"}],"author":[{"embeddable":true,"href":"https:\/\/www.altavanti.fi\/mecapinta\/wp-json\/wp\/v2\/users\/1"}],"replies":[{"embeddable":true,"href":"https:\/\/www.altavanti.fi\/mecapinta\/wp-json\/wp\/v2\/comments?post=34"}],"version-history":[{"count":10,"href":"https:\/\/www.altavanti.fi\/mecapinta\/wp-json\/wp\/v2\/pages\/34\/revisions"}],"predecessor-version":[{"id":148,"href":"https:\/\/www.altavanti.fi\/mecapinta\/wp-json\/wp\/v2\/pages\/34\/revisions\/148"}],"wp:attachment":[{"href":"https:\/\/www.altavanti.fi\/mecapinta\/wp-json\/wp\/v2\/media?parent=34"}],"curies":[{"name":"wp","href":"https:\/\/api.w.org\/{rel}","templated":true}]}}